{"id":13,"date":"2019-09-22T15:14:39","date_gmt":"2019-09-22T15:14:39","guid":{"rendered":"https:\/\/stb-thomas-hauck.de\/?page_id=13"},"modified":"2021-09-22T11:03:37","modified_gmt":"2021-09-22T11:03:37","slug":"impressum","status":"publish","type":"page","link":"https:\/\/stb-thomas-hauck.de\/?page_id=13","title":{"rendered":"Impressum"},"content":{"rendered":"\t\t<div data-elementor-type=\"wp-page\" data-elementor-id=\"13\" class=\"elementor elementor-13\">\n\t\t\t\t\t\t<section class=\"elementor-section elementor-top-section elementor-element elementor-element-f171b4f elementor-section-boxed elementor-section-height-default elementor-section-height-default\" data-id=\"f171b4f\" data-element_type=\"section\">\n\t\t\t\t\t\t<div class=\"elementor-container elementor-column-gap-default\">\n\t\t\t\t\t<div class=\"elementor-column elementor-col-100 elementor-top-column elementor-element elementor-element-a159db8\" data-id=\"a159db8\" data-element_type=\"column\">\n\t\t\t<div class=\"elementor-widget-wrap elementor-element-populated\">\n\t\t\t\t\t\t<div class=\"elementor-element elementor-element-2acace2 elementor-widget elementor-widget-text-editor\" data-id=\"2acace2\" data-element_type=\"widget\" data-widget_type=\"text-editor.default\">\n\t\t\t\t<div class=\"elementor-widget-container\">\n\t\t\t\t\t\t\t\t\t<h1>Impressum<\/h1><h2>Angaben gem\u00e4\u00df \u00a7 5 TMG<\/h2><p>Thomas Hauck<br \/>Steuerberater<br \/>Mechenharder Str. 43B<\/p><p>63820 R\u00fcck\/Schippach<\/p><p>Kontakt<\/p><p>Telefon: 06022-2637470<br \/>E-Mail: info@stb-thomas-hauck.de<\/p><h2>Umsatzsteuer-ID<\/h2><p>Umsatzsteuer-Identifikationsnummer gem\u00e4\u00df \u00a727 a Umsatzsteuergesetz:<br \/>DE326005429<\/p><h2>Wirtschaftsidentifikationsnummer<\/h2><p>[Wirtschaftsidentifikationsnummer]<\/p><h2>Aufsichtsbeh\u00f6rde<\/h2><p>Steuerberaterkammer N\u00fcrnberg<br \/>Karloninenstr. 28<br \/>90402 N\u00fcrnberg<\/p><p><a href=\"http:\/\/www.stbk-nuernberg.de\" target=\"_blank\" rel=\"noopener noreferrer\">http:\/\/www.stbk-nuernberg.de<\/a><\/p><h2>Berufsbezeichnung und berufsrechtliche Regelungen<\/h2><p>Berufsbezeichnung: Steuerberater<br \/>Zust\u00e4ndige Kammer: N\u00fcrnberg<br \/>Verliehen durch: Bayern<br \/>Es gelten folgende berufsrechtliche Regelungen: Steuerberatung<br \/>Regelungen einsehbar unter: <a href=\"http:\/\/www.stbk-nuernberg.de\" target=\"_blank\" rel=\"noopener noreferrer\">http:\/\/www.stbk-nuernberg.de<\/a><\/p><h2>Angaben zur Berufshaftpflichtversicherung<\/h2><p><strong>Name und Sitz des Versicherers:<\/strong><br \/>R+V Allgemeine Versicherung AG<br \/>Mittlerer Pfad 24<br \/>70499 Stuttgart<\/p><p><strong>Geltungsraum der Versicherung:<\/strong><br \/>Deutschland<\/p><p>Wir sind nicht bereit oder verpflichtet, an Streitbeilegungsverfahren vor einer Verbraucherschlichtungsstelle teilzunehmen.<\/p><h3>Haftung f\u00fcr Inhalte<\/h3><p>Als Diensteanbieter sind wir gem\u00e4\u00df \u00a7 7 Abs.1 TMG f\u00fcr eigene Inhalte auf diesen Seiten nach den allgemeinen Gesetzen verantwortlich. Nach \u00a7\u00a7 8 bis 10 TMG sind wir als Diensteanbieter jedoch nicht verpflichtet, \u00fcbermittelte oder gespeicherte fremde Informationen zu \u00fcberwachen oder nach Umst\u00e4nden zu forschen, die auf eine rechtswidrige T\u00e4tigkeit hinweisen.<\/p><p>Verpflichtungen zur Entfernung oder Sperrung der Nutzung von Informationen nach den allgemeinen Gesetzen bleiben hiervon unber\u00fchrt. Eine diesbez\u00fcgliche Haftung ist jedoch erst ab dem Zeitpunkt der Kenntnis einer konkreten Rechtsverletzung m\u00f6glich. Bei Bekanntwerden von entsprechenden Rechtsverletzungen werden wir diese Inhalte umgehend entfernen.<\/p><h3>Haftung f\u00fcr Links<\/h3><p>Unser Angebot enth\u00e4lt Links zu externen Websites Dritter, auf deren Inhalte wir keinen Einfluss haben. Deshalb k\u00f6nnen wir f\u00fcr diese fremden Inhalte auch keine Gew\u00e4hr \u00fcbernehmen. F\u00fcr die Inhalte der verlinkten Seiten ist stets der jeweilige Anbieter oder Betreiber der Seiten verantwortlich. Die verlinkten Seiten wurden zum Zeitpunkt der Verlinkung auf m\u00f6gliche Rechtsverst\u00f6\u00dfe \u00fcberpr\u00fcft. Rechtswidrige Inhalte waren zum Zeitpunkt der Verlinkung nicht erkennbar.<\/p><p>Eine permanente inhaltliche Kontrolle der verlinkten Seiten ist jedoch ohne konkrete Anhaltspunkte einer Rechtsverletzung nicht zumutbar. Bei Bekanntwerden von Rechtsverletzungen werden wir derartige Links umgehend entfernen.<\/p><h3>Urheberrecht<\/h3><p>Die durch die Seitenbetreiber erstellten Inhalte und Werke auf diesen Seiten unterliegen dem deutschen Urheberrecht. Die Vervielf\u00e4ltigung, Bearbeitung, Verbreitung und jede Art der Verwertung au\u00dferhalb der Grenzen des Urheberrechtes bed\u00fcrfen der schriftlichen Zustimmung des jeweiligen Autors bzw. Erstellers. Downloads und Kopien dieser Seite sind nur f\u00fcr den privaten, nicht kommerziellen Gebrauch gestattet.<\/p><p>Soweit die Inhalte auf dieser Seite nicht vom Betreiber erstellt wurden, werden die Urheberrechte Dritter beachtet. Insbesondere werden Inhalte Dritter als solche gekennzeichnet. Sollten Sie trotzdem auf eine Urheberrechtsverletzung aufmerksam werden, bitten wir um einen entsprechenden Hinweis. Bei Bekanntwerden von Rechtsverletzungen werden wir derartige Inhalte umgehend entfernen.<\/p>\t\t\t\t\t\t\t\t<\/div>\n\t\t\t\t<\/div>\n\t\t\t\t\t<\/div>\n\t\t<\/div>\n\t\t\t\t\t<\/div>\n\t\t<\/section>\n\t\t\t\t<\/div>\n\t\t","protected":false},"excerpt":{"rendered":"<p>Impressum Angaben gem\u00e4\u00df \u00a7 5 TMG Thomas HauckSteuerberaterMechenharder Str. 43B 63820 R\u00fcck\/Schippach Kontakt Telefon: 06022-2637470E-Mail: info@stb-thomas-hauck.de Umsatzsteuer-ID Umsatzsteuer-Identifikationsnummer gem\u00e4\u00df \u00a727 a Umsatzsteuergesetz:DE326005429 Wirtschaftsidentifikationsnummer [Wirtschaftsidentifikationsnummer] Aufsichtsbeh\u00f6rde Steuerberaterkammer N\u00fcrnbergKarloninenstr. 2890402 N\u00fcrnberg http:\/\/www.stbk-nuernberg.de Berufsbezeichnung und berufsrechtliche Regelungen Berufsbezeichnung: SteuerberaterZust\u00e4ndige Kammer: N\u00fcrnbergVerliehen durch: BayernEs gelten folgende berufsrechtliche Regelungen: SteuerberatungRegelungen einsehbar unter: http:\/\/www.stbk-nuernberg.de Angaben zur Berufshaftpflichtversicherung Name und Sitz des&#8230;<\/p>\n","protected":false},"author":1,"featured_media":0,"parent":0,"menu_order":0,"comment_status":"closed","ping_status":"closed","template":"elementor_header_footer","meta":{"footnotes":""},"class_list":["post-13","page","type-page","status-publish","hentry"],"_links":{"self":[{"href":"https:\/\/stb-thomas-hauck.de\/index.php?rest_route=\/wp\/v2\/pages\/13","targetHints":{"allow":["GET"]}}],"collection":[{"href":"https:\/\/stb-thomas-hauck.de\/index.php?rest_route=\/wp\/v2\/pages"}],"about":[{"href":"https:\/\/stb-thomas-hauck.de\/index.php?rest_route=\/wp\/v2\/types\/page"}],"author":[{"embeddable":true,"href":"https:\/\/stb-thomas-hauck.de\/index.php?rest_route=\/wp\/v2\/users\/1"}],"replies":[{"embeddable":true,"href":"https:\/\/stb-thomas-hauck.de\/index.php?rest_route=%2Fwp%2Fv2%2Fcomments&post=13"}],"version-history":[{"count":7,"href":"https:\/\/stb-thomas-hauck.de\/index.php?rest_route=\/wp\/v2\/pages\/13\/revisions"}],"predecessor-version":[{"id":80,"href":"https:\/\/stb-thomas-hauck.de\/index.php?rest_route=\/wp\/v2\/pages\/13\/revisions\/80"}],"wp:attachment":[{"href":"https:\/\/stb-thomas-hauck.de\/index.php?rest_route=%2Fwp%2Fv2%2Fmedia&parent=13"}],"curies":[{"name":"wp","href":"https:\/\/api.w.org\/{rel}","templated":true}]}}