{"id":18,"date":"2019-09-22T15:15:36","date_gmt":"2019-09-22T15:15:36","guid":{"rendered":"https:\/\/stb-thomas-hauck.de\/?page_id=18"},"modified":"2025-10-01T12:43:07","modified_gmt":"2025-10-01T12:43:07","slug":"home","status":"publish","type":"page","link":"https:\/\/stb-thomas-hauck.de\/","title":{"rendered":"home"},"content":{"rendered":"\t\t<div data-elementor-type=\"wp-page\" data-elementor-id=\"18\" class=\"elementor elementor-18\">\n\t\t\t\t\t\t<section class=\"elementor-section elementor-top-section elementor-element elementor-element-ecf1659 elementor-section-boxed elementor-section-height-default elementor-section-height-default\" data-id=\"ecf1659\" data-element_type=\"section\">\n\t\t\t\t\t\t<div class=\"elementor-container elementor-column-gap-default\">\n\t\t\t\t\t<div class=\"elementor-column elementor-col-100 elementor-top-column elementor-element elementor-element-abd4259\" data-id=\"abd4259\" data-element_type=\"column\">\n\t\t\t<div class=\"elementor-widget-wrap elementor-element-populated\">\n\t\t\t\t\t\t<div class=\"elementor-element elementor-element-4b59a3d elementor-widget elementor-widget-image\" data-id=\"4b59a3d\" data-element_type=\"widget\" data-widget_type=\"image.default\">\n\t\t\t\t<div class=\"elementor-widget-container\">\n\t\t\t\t\t\t\t\t\t\t\t\t\t\t\t<img fetchpriority=\"high\" decoding=\"async\" width=\"576\" height=\"219\" src=\"https:\/\/stb-thomas-hauck.de\/wp-content\/uploads\/2019\/09\/STH_Logo_Steuerbu\u0308roThomasHauck_v1_transparent.png\" class=\"attachment-large size-large wp-image-28\" alt=\"\" srcset=\"https:\/\/stb-thomas-hauck.de\/wp-content\/uploads\/2019\/09\/STH_Logo_Steuerbu\u0308roThomasHauck_v1_transparent.png 576w, https:\/\/stb-thomas-hauck.de\/wp-content\/uploads\/2019\/09\/STH_Logo_Steuerbu\u0308roThomasHauck_v1_transparent-300x114.png 300w\" sizes=\"(max-width: 576px) 100vw, 576px\" \/>\t\t\t\t\t\t\t\t\t\t\t\t\t\t\t<\/div>\n\t\t\t\t<\/div>\n\t\t\t\t\t<\/div>\n\t\t<\/div>\n\t\t\t\t\t<\/div>\n\t\t<\/section>\n\t\t\t\t<section class=\"elementor-section elementor-top-section elementor-element elementor-element-cdd6e02 elementor-section-boxed elementor-section-height-default elementor-section-height-default\" data-id=\"cdd6e02\" data-element_type=\"section\">\n\t\t\t\t\t\t<div class=\"elementor-container elementor-column-gap-default\">\n\t\t\t\t\t<div class=\"elementor-column elementor-col-100 elementor-top-column elementor-element elementor-element-4b1da46\" data-id=\"4b1da46\" data-element_type=\"column\">\n\t\t\t<div class=\"elementor-widget-wrap elementor-element-populated\">\n\t\t\t\t\t\t<div class=\"elementor-element elementor-element-023ebe2 elementor-widget elementor-widget-heading\" data-id=\"023ebe2\" data-element_type=\"widget\" data-widget_type=\"heading.default\">\n\t\t\t\t<div class=\"elementor-widget-container\">\n\t\t\t\t\t<h2 class=\"elementor-heading-title elementor-size-default\"><br>Steuerberatung mal anders... der etwas andere Steuerberater<br><\/h2>\t\t\t\t<\/div>\n\t\t\t\t<\/div>\n\t\t\t\t\t<\/div>\n\t\t<\/div>\n\t\t\t\t\t<\/div>\n\t\t<\/section>\n\t\t\t\t<section class=\"elementor-section elementor-top-section elementor-element elementor-element-7728fc2 elementor-section-full_width elementor-section-height-default elementor-section-height-default\" data-id=\"7728fc2\" data-element_type=\"section\" data-settings=\"{&quot;background_background&quot;:&quot;classic&quot;}\">\n\t\t\t\t\t\t<div class=\"elementor-container elementor-column-gap-default\">\n\t\t\t\t\t<div class=\"elementor-column elementor-col-50 elementor-top-column elementor-element elementor-element-2c75dfe\" data-id=\"2c75dfe\" data-element_type=\"column\">\n\t\t\t<div class=\"elementor-widget-wrap elementor-element-populated\">\n\t\t\t\t\t\t<div class=\"elementor-element elementor-element-6c394aa elementor-widget elementor-widget-heading\" data-id=\"6c394aa\" data-element_type=\"widget\" data-widget_type=\"heading.default\">\n\t\t\t\t<div class=\"elementor-widget-container\">\n\t\t\t\t\t<h2 class=\"elementor-heading-title elementor-size-default\">Vereinbaren Sie noch heute einen Termin. <br>Wir freuen uns auf Sie!<\/h2>\t\t\t\t<\/div>\n\t\t\t\t<\/div>\n\t\t\t\t<div class=\"elementor-element elementor-element-8c73477 elementor-view-default elementor-widget elementor-widget-icon\" data-id=\"8c73477\" data-element_type=\"widget\" data-widget_type=\"icon.default\">\n\t\t\t\t<div class=\"elementor-widget-container\">\n\t\t\t\t\t\t\t<div class=\"elementor-icon-wrapper\">\n\t\t\t<div class=\"elementor-icon\">\n\t\t\t<i aria-hidden=\"true\" class=\"fas fa-thumbs-up\"><\/i>\t\t\t<\/div>\n\t\t<\/div>\n\t\t\t\t\t\t<\/div>\n\t\t\t\t<\/div>\n\t\t\t\t<div class=\"elementor-element elementor-element-193204c elementor-widget elementor-widget-text-editor\" data-id=\"193204c\" data-element_type=\"widget\" data-widget_type=\"text-editor.default\">\n\t\t\t\t<div class=\"elementor-widget-container\">\n\t\t\t\t\t\t\t\t\t<div style=\"text-align: center;\"><strong>\u00d6ffnungszeiten:<\/strong><\/div><div style=\"text-align: center;\">Mo, Di, Do 8:00-12:00 &amp; 13:00-17:00<\/div><div style=\"text-align: center;\">Mi, Fr 08:00-12:00<\/div><div style=\"text-align: center;\">sowie Termine nach Vereinbarung<\/div>\t\t\t\t\t\t\t\t<\/div>\n\t\t\t\t<\/div>\n\t\t\t\t\t<\/div>\n\t\t<\/div>\n\t\t\t\t<div class=\"elementor-column elementor-col-50 elementor-top-column elementor-element elementor-element-5d4df96\" data-id=\"5d4df96\" data-element_type=\"column\">\n\t\t\t<div class=\"elementor-widget-wrap elementor-element-populated\">\n\t\t\t\t\t\t<div class=\"elementor-element elementor-element-34532b9 elementor-widget elementor-widget-text-editor\" data-id=\"34532b9\" data-element_type=\"widget\" data-widget_type=\"text-editor.default\">\n\t\t\t\t<div class=\"elementor-widget-container\">\n\t\t\t\t\t\t\t\t\t<h2><strong>Kontakt:<\/strong><\/h2><p><strong>Steuerb\u00fcro Thomas Hauck<\/strong><br \/>Mechenharder Str. 43B<\/p><p>63820 R\u00fcck\/Schippach<\/p><p>\u00a0<\/p><div>info@stb-thomas-hauck.de<\/div><p>06022-2637470<\/p>\t\t\t\t\t\t\t\t<\/div>\n\t\t\t\t<\/div>\n\t\t\t\t\t<\/div>\n\t\t<\/div>\n\t\t\t\t\t<\/div>\n\t\t<\/section>\n\t\t\t\t<section class=\"elementor-section elementor-top-section elementor-element elementor-element-3b7463a4 elementor-section-content-middle elementor-section-full_width elementor-section-height-default elementor-section-height-default\" data-id=\"3b7463a4\" data-element_type=\"section\" data-settings=\"{&quot;background_background&quot;:&quot;classic&quot;}\">\n\t\t\t\t\t\t<div class=\"elementor-container elementor-column-gap-no\">\n\t\t\t\t\t<div class=\"elementor-column elementor-col-50 elementor-top-column elementor-element elementor-element-7b5e7861\" data-id=\"7b5e7861\" data-element_type=\"column\">\n\t\t\t<div class=\"elementor-widget-wrap elementor-element-populated\">\n\t\t\t\t\t\t<div class=\"elementor-element elementor-element-e719608 elementor-widget elementor-widget-image\" data-id=\"e719608\" data-element_type=\"widget\" data-widget_type=\"image.default\">\n\t\t\t\t<div class=\"elementor-widget-container\">\n\t\t\t\t\t\t\t\t\t\t\t\t\t\t\t<img decoding=\"async\" width=\"5500\" height=\"3667\" src=\"https:\/\/stb-thomas-hauck.de\/wp-content\/uploads\/2019\/10\/STH_Beratung_web.jpg\" class=\"attachment-full size-full wp-image-53\" alt=\"\" srcset=\"https:\/\/stb-thomas-hauck.de\/wp-content\/uploads\/2019\/10\/STH_Beratung_web.jpg 5500w, https:\/\/stb-thomas-hauck.de\/wp-content\/uploads\/2019\/10\/STH_Beratung_web-300x200.jpg 300w, https:\/\/stb-thomas-hauck.de\/wp-content\/uploads\/2019\/10\/STH_Beratung_web-768x512.jpg 768w, https:\/\/stb-thomas-hauck.de\/wp-content\/uploads\/2019\/10\/STH_Beratung_web-1024x683.jpg 1024w\" sizes=\"(max-width: 5500px) 100vw, 5500px\" \/>\t\t\t\t\t\t\t\t\t\t\t\t\t\t\t<\/div>\n\t\t\t\t<\/div>\n\t\t\t\t\t<\/div>\n\t\t<\/div>\n\t\t\t\t<div class=\"elementor-column elementor-col-50 elementor-top-column elementor-element elementor-element-39d91237\" data-id=\"39d91237\" data-element_type=\"column\">\n\t\t\t<div class=\"elementor-widget-wrap elementor-element-populated\">\n\t\t\t\t\t\t<div class=\"elementor-element elementor-element-f0d7594 elementor-widget elementor-widget-heading\" data-id=\"f0d7594\" data-element_type=\"widget\" data-widget_type=\"heading.default\">\n\t\t\t\t<div class=\"elementor-widget-container\">\n\t\t\t\t\t<h2 class=\"elementor-heading-title elementor-size-default\">Klassische Leistungen<\/h2>\t\t\t\t<\/div>\n\t\t\t\t<\/div>\n\t\t\t\t<div class=\"elementor-element elementor-element-3ebcffa0 elementor-widget elementor-widget-text-editor\" data-id=\"3ebcffa0\" data-element_type=\"widget\" data-widget_type=\"text-editor.default\">\n\t\t\t\t<div class=\"elementor-widget-container\">\n\t\t\t\t\t\t\t\t\t<ul><li>Erstellung von L\u00f6hnen (Geh\u00e4lter\/Stunden\/Nebenleistungen\/Zuschl\u00e4ge)<\/li><li>Erstellung der Finanzbuchf\u00fchrung<\/li><li>Erstellung Jahresabschluss, Einzelunternehmen, GmbH, GmbH &amp; Co KG, etc.<\/li><li>Erstellung zugeh\u00f6riger Steuererkl\u00e4rungen<\/li><li>Erstellung Erbschaftsteuererkl\u00e4rungen<\/li><li>Betriebswirtschaftliche Beratung, Unternehmensberatung<\/li><li>Investitionsplanung<\/li><li>Teilnahmen Bankgespr\u00e4chen<\/li><li>Konzepterstellung bez\u00fcgl. Rentabilit\u00e4t<\/li><li>Gr\u00fcndungsberatung<\/li><\/ul>\t\t\t\t\t\t\t\t<\/div>\n\t\t\t\t<\/div>\n\t\t\t\t\t<\/div>\n\t\t<\/div>\n\t\t\t\t\t<\/div>\n\t\t<\/section>\n\t\t\t\t<section class=\"elementor-section elementor-top-section elementor-element elementor-element-c61c8ee elementor-section-content-middle elementor-section-full_width elementor-section-height-default elementor-section-height-default\" data-id=\"c61c8ee\" data-element_type=\"section\">\n\t\t\t\t\t\t<div class=\"elementor-container elementor-column-gap-no\">\n\t\t\t\t\t<div class=\"elementor-column elementor-col-50 elementor-top-column elementor-element elementor-element-f2b7604\" data-id=\"f2b7604\" data-element_type=\"column\">\n\t\t\t<div class=\"elementor-widget-wrap elementor-element-populated\">\n\t\t\t\t\t\t<div class=\"elementor-element elementor-element-9d2a4ed elementor-widget elementor-widget-image\" data-id=\"9d2a4ed\" data-element_type=\"widget\" data-widget_type=\"image.default\">\n\t\t\t\t<div class=\"elementor-widget-container\">\n\t\t\t\t\t\t\t\t\t\t\t\t\t\t\t<img decoding=\"async\" width=\"5500\" height=\"3667\" src=\"https:\/\/stb-thomas-hauck.de\/wp-content\/uploads\/2019\/10\/STH_Landwirtschaft_web.jpg\" class=\"attachment-full size-full wp-image-54\" alt=\"\" srcset=\"https:\/\/stb-thomas-hauck.de\/wp-content\/uploads\/2019\/10\/STH_Landwirtschaft_web.jpg 5500w, https:\/\/stb-thomas-hauck.de\/wp-content\/uploads\/2019\/10\/STH_Landwirtschaft_web-300x200.jpg 300w, https:\/\/stb-thomas-hauck.de\/wp-content\/uploads\/2019\/10\/STH_Landwirtschaft_web-768x512.jpg 768w, https:\/\/stb-thomas-hauck.de\/wp-content\/uploads\/2019\/10\/STH_Landwirtschaft_web-1024x683.jpg 1024w\" sizes=\"(max-width: 5500px) 100vw, 5500px\" \/>\t\t\t\t\t\t\t\t\t\t\t\t\t\t\t<\/div>\n\t\t\t\t<\/div>\n\t\t\t\t\t<\/div>\n\t\t<\/div>\n\t\t\t\t<div class=\"elementor-column elementor-col-50 elementor-top-column elementor-element elementor-element-8ff3ca7\" data-id=\"8ff3ca7\" data-element_type=\"column\">\n\t\t\t<div class=\"elementor-widget-wrap elementor-element-populated\">\n\t\t\t\t\t\t<div class=\"elementor-element elementor-element-a824ef8 elementor-widget elementor-widget-heading\" data-id=\"a824ef8\" data-element_type=\"widget\" data-widget_type=\"heading.default\">\n\t\t\t\t<div class=\"elementor-widget-container\">\n\t\t\t\t\t<h2 class=\"elementor-heading-title elementor-size-default\">Land- und Fortwirtschaft<\/h2>\t\t\t\t<\/div>\n\t\t\t\t<\/div>\n\t\t\t\t<div class=\"elementor-element elementor-element-d200207 elementor-widget elementor-widget-text-editor\" data-id=\"d200207\" data-element_type=\"widget\" data-widget_type=\"text-editor.default\">\n\t\t\t\t<div class=\"elementor-widget-container\">\n\t\t\t\t\t\t\t\t\t<ul><li>Erstellung BMEL &#8211;\u00a0 Jahresabschl\u00fcsse<\/li><li>Erstellen von Test- und Auflagenbetriebe<\/li><li>Buchf\u00fchrung mit Gewichts und Mengenangaben<\/li><li>Einfache Auswertungen f\u00fcr Agrardieselr\u00fcckverg\u00fctung<\/li><li>Fachlich kompetente Beratung durch regelm\u00e4\u00dfige Fortbildungen bei einem der gr\u00f6\u00dften Verb\u00e4nde Deutschlands f\u00fcr land- und forstwirtschaftliche Schulungen<\/li><li>Betriebs\u00fcbergaben mit vorweggenommener Erbfolge<\/li><li>Bewertung von Grundverm\u00f6gen im erbschaftsteuerlichen Sinn<\/li><li>Investitionsberatung bei Anschaffungen aller Art<\/li><li>Steuerliche Gestaltung zur Optimierung der Steuerzahlungen<\/li><\/ul>\t\t\t\t\t\t\t\t<\/div>\n\t\t\t\t<\/div>\n\t\t\t\t\t<\/div>\n\t\t<\/div>\n\t\t\t\t\t<\/div>\n\t\t<\/section>\n\t\t\t\t<\/div>\n\t\t","protected":false},"excerpt":{"rendered":"<p>Steuerberatung mal anders&#8230; der etwas andere Steuerberater Vereinbaren Sie noch heute einen Termin. Wir freuen uns auf Sie! \u00d6ffnungszeiten:Mo, Di, Do 8:00-12:00 &amp; 13:00-17:00Mi, Fr 08:00-12:00sowie Termine nach Vereinbarung Kontakt: Steuerb\u00fcro Thomas HauckMechenharder Str. 43B 63820 R\u00fcck\/Schippach \u00a0 info@stb-thomas-hauck.de 06022-2637470 Klassische Leistungen Erstellung von L\u00f6hnen (Geh\u00e4lter\/Stunden\/Nebenleistungen\/Zuschl\u00e4ge) Erstellung der Finanzbuchf\u00fchrung Erstellung Jahresabschluss, Einzelunternehmen, GmbH, GmbH &amp;&#8230;<\/p>\n","protected":false},"author":1,"featured_media":0,"parent":0,"menu_order":0,"comment_status":"closed","ping_status":"closed","template":"elementor_header_footer","meta":{"footnotes":""},"class_list":["post-18","page","type-page","status-publish","hentry"],"_links":{"self":[{"href":"https:\/\/stb-thomas-hauck.de\/index.php?rest_route=\/wp\/v2\/pages\/18","targetHints":{"allow":["GET"]}}],"collection":[{"href":"https:\/\/stb-thomas-hauck.de\/index.php?rest_route=\/wp\/v2\/pages"}],"about":[{"href":"https:\/\/stb-thomas-hauck.de\/index.php?rest_route=\/wp\/v2\/types\/page"}],"author":[{"embeddable":true,"href":"https:\/\/stb-thomas-hauck.de\/index.php?rest_route=\/wp\/v2\/users\/1"}],"replies":[{"embeddable":true,"href":"https:\/\/stb-thomas-hauck.de\/index.php?rest_route=%2Fwp%2Fv2%2Fcomments&post=18"}],"version-history":[{"count":28,"href":"https:\/\/stb-thomas-hauck.de\/index.php?rest_route=\/wp\/v2\/pages\/18\/revisions"}],"predecessor-version":[{"id":149,"href":"https:\/\/stb-thomas-hauck.de\/index.php?rest_route=\/wp\/v2\/pages\/18\/revisions\/149"}],"wp:attachment":[{"href":"https:\/\/stb-thomas-hauck.de\/index.php?rest_route=%2Fwp%2Fv2%2Fmedia&parent=18"}],"curies":[{"name":"wp","href":"https:\/\/api.w.org\/{rel}","templated":true}]}}